{"id":681,"date":"2020-04-20T19:33:14","date_gmt":"2020-04-20T19:33:14","guid":{"rendered":"http:\/\/precimaq.com.br\/?page_id=681"},"modified":"2020-04-21T12:59:37","modified_gmt":"2020-04-21T12:59:37","slug":"new-holland","status":"publish","type":"page","link":"http:\/\/tecalon.com.br\/?page_id=681","title":{"rendered":"New Holland"},"content":{"rendered":"\n<div class=\"wp-block-image is-style-default\"><figure class=\"aligncenter size-large is-resized\"><img loading=\"lazy\" decoding=\"async\" src=\"http:\/\/precimaq.com.br\/wp-content\/uploads\/2020\/04\/new-holland-1.jpg\" alt=\"\" class=\"wp-image-685\" width=\"190\" height=\"72\" srcset=\"http:\/\/tecalon.com.br\/wp-content\/uploads\/2020\/04\/new-holland-1.jpg 607w, http:\/\/tecalon.com.br\/wp-content\/uploads\/2020\/04\/new-holland-1-300x115.jpg 300w\" sizes=\"auto, (max-width: 190px) 100vw, 190px\" \/><\/figure><\/div>\n\n\n\n<table id=\"tablepress-34\" class=\"tablepress tablepress-id-34\">\n<thead>\n<tr class=\"row-1\">\n\t<th class=\"column-1\">N\/Numero SWL<\/th><th class=\"column-2\">N\/Numero<\/th><th class=\"column-3\">Aplica\u00e7\u00e3o<\/th><th class=\"column-4\">N\/Original<\/th><th class=\"column-5\">Tamanho<\/th><th class=\"column-6\">Imagens<\/th>\n<\/tr>\n<\/thead>\n<tbody class=\"row-striping row-hover\">\n<tr class=\"row-2\">\n\t<td class=\"column-1\">756052<\/td><td class=\"column-2\">2NH000<\/td><td class=\"column-3\">V\u00e1lvula Acionamento da Plantadora<\/td><td class=\"column-4\">756.052<\/td><td class=\"column-5\">1<\/td><td class=\"column-6\"><img loading=\"lazy\" decoding=\"async\" src=\"http:\/\/precimaq.com.br\/wp-content\/uploads\/2020\/04\/2NH000-300x243.jpg\" alt=\"\" width=\"50\" height=\"40\" class=\"alignnone size-medium wp-image-708\" srcset=\"http:\/\/tecalon.com.br\/wp-content\/uploads\/2020\/04\/2NH000-300x243.jpg 300w, http:\/\/tecalon.com.br\/wp-content\/uploads\/2020\/04\/2NH000.jpg 357w\" sizes=\"auto, (max-width: 50px) 100vw, 50px\" \/><\/td>\n<\/tr>\n<tr class=\"row-3\">\n\t<td class=\"column-1\">756054<\/td><td class=\"column-2\">2NH001<\/td><td class=\"column-3\">V\u00e1lvula do Sistema  Pneum\u00e1tico<\/td><td class=\"column-4\">756.054<\/td><td class=\"column-5\">1<\/td><td class=\"column-6\"><img loading=\"lazy\" decoding=\"async\" src=\"http:\/\/precimaq.com.br\/wp-content\/uploads\/2020\/04\/2NH001-300x226.jpg\" alt=\"\" width=\"50\" height=\"40\" class=\"alignnone size-medium wp-image-709\" \/><\/td>\n<\/tr>\n<tr class=\"row-4\">\n\t<td class=\"column-1\">823876\/1<\/td><td class=\"column-2\">2NH002<\/td><td class=\"column-3\">Torneira do Tanque<\/td><td class=\"column-4\">823.876\/1<\/td><td class=\"column-5\">1<\/td><td class=\"column-6\"><img loading=\"lazy\" decoding=\"async\" src=\"http:\/\/precimaq.com.br\/wp-content\/uploads\/2020\/04\/2NH002-300x212.jpg\" alt=\"\" width=\"50\" height=\"40\" class=\"alignnone size-medium wp-image-710\" \/><\/td>\n<\/tr>\n<tr class=\"row-5\">\n\t<td class=\"column-1\">84993855<\/td><td class=\"column-2\">2NH003<\/td><td class=\"column-3\">Conjunto V\u00e1lvula de Al\u00edvio<br \/>\n<\/td><td class=\"column-4\">84993855<\/td><td class=\"column-5\">1<\/td><td class=\"column-6\"><img loading=\"lazy\" decoding=\"async\" src=\"http:\/\/precimaq.com.br\/wp-content\/uploads\/2020\/04\/2NH003-2-300x266.jpg\" alt=\"\" width=\"50\" height=\"40\" class=\"alignnone size-medium wp-image-745\" \/><\/td>\n<\/tr>\n<tr class=\"row-6\">\n\t<td class=\"column-1\">84993850<\/td><td class=\"column-2\">2NH004<\/td><td class=\"column-3\">Conjunto V\u00e1lvula  de Al\u00edvio<\/td><td class=\"column-4\">84993850<\/td><td class=\"column-5\">1<\/td><td class=\"column-6\"><img loading=\"lazy\" decoding=\"async\" src=\"http:\/\/precimaq.com.br\/wp-content\/uploads\/2020\/04\/2NH004-300x278.jpg\" alt=\"\" width=\"50\" height=\"40\" class=\"alignnone size-medium wp-image-712\" \/><\/td>\n<\/tr>\n<tr class=\"row-7\">\n\t<td class=\"column-1\">9577826<\/td><td class=\"column-2\">2NH005<\/td><td class=\"column-3\">Conjunto V\u00e1lvula  de Al\u00edvio<\/td><td class=\"column-4\">9577826N<\/td><td class=\"column-5\">1<\/td><td class=\"column-6\"><img loading=\"lazy\" decoding=\"async\" src=\"http:\/\/precimaq.com.br\/wp-content\/uploads\/2020\/04\/2NH004-300x278.jpg\" alt=\"\" width=\"50\" height=\"40\" class=\"alignnone size-medium wp-image-712\" \/><\/td>\n<\/tr>\n<tr class=\"row-8\">\n\t<td class=\"column-1\">D2NNN776A<\/td><td class=\"column-2\">2NH006<\/td><td class=\"column-3\">Suporte de Alum\u00ednio<\/td><td class=\"column-4\">D2NN-N776A<\/td><td class=\"column-5\">1<\/td><td class=\"column-6\"><img loading=\"lazy\" decoding=\"async\" src=\"http:\/\/precimaq.com.br\/wp-content\/uploads\/2020\/04\/2NH006-300x264.jpg\" alt=\"\" width=\"50\" height=\"40\" class=\"alignnone size-medium wp-image-714\" \/><\/td>\n<\/tr>\n<tr class=\"row-9\">\n\t<td class=\"column-1\">E7NN9N024A<\/td><td class=\"column-2\">2NH007<\/td><td class=\"column-3\">Torneira do Tanque Ford ( Original )<\/td><td class=\"column-4\">E7NN9N024AA<\/td><td class=\"column-5\">1<\/td><td class=\"column-6\"><img loading=\"lazy\" decoding=\"async\" src=\"http:\/\/precimaq.com.br\/wp-content\/uploads\/2020\/04\/2NH007-300x246.jpg\" alt=\"\" width=\"60\" height=\"50\" class=\"alignnone size-medium wp-image-715\" srcset=\"http:\/\/tecalon.com.br\/wp-content\/uploads\/2020\/04\/2NH007-300x246.jpg 300w, http:\/\/tecalon.com.br\/wp-content\/uploads\/2020\/04\/2NH007.jpg 347w\" sizes=\"auto, (max-width: 60px) 100vw, 60px\" \/><\/td>\n<\/tr>\n<tr class=\"row-10\">\n\t<td class=\"column-1\">335177<\/td><td class=\"column-2\">2NH010<\/td><td class=\"column-3\">Conex\u00e3o Sistema Hidr\u00e1ulico Completa<\/td><td class=\"column-4\">335177<\/td><td class=\"column-5\">1<\/td><td class=\"column-6\"><img loading=\"lazy\" decoding=\"async\" src=\"http:\/\/precimaq.com.br\/wp-content\/uploads\/2020\/04\/conexao8mm-300x237.jpg\" alt=\"\" width=\"60\" height=\"50\" class=\"alignnone size-medium wp-image-748\" \/><\/td>\n<\/tr>\n<tr class=\"row-11\">\n\t<td class=\"column-1\">9576721<\/td><td class=\"column-2\">2NH011<\/td><td class=\"column-3\">Conex\u00e3o Reversor<\/td><td class=\"column-4\">9576721<\/td><td class=\"column-5\">1<\/td><td class=\"column-6\"><img loading=\"lazy\" decoding=\"async\" src=\"http:\/\/precimaq.com.br\/wp-content\/uploads\/2020\/04\/cotovelo.jpg\" alt=\"\" width=\"50\" height=\"40\" class=\"alignnone size-full wp-image-750\" \/><\/td>\n<\/tr>\n<tr class=\"row-12\">\n\t<td class=\"column-1\">758440<\/td><td class=\"column-2\">2NH012<\/td><td class=\"column-3\">Reparo da V\u00e1lvula<\/td><td class=\"column-4\">758.440<\/td><td class=\"column-5\">1<\/td><td class=\"column-6\"><img loading=\"lazy\" decoding=\"async\" src=\"http:\/\/precimaq.com.br\/wp-content\/uploads\/2020\/04\/758440-300x225.png\" alt=\"\" width=\"60\" height=\"40\" class=\"alignnone size-medium wp-image-753\" \/><\/td>\n<\/tr>\n<tr class=\"row-13\">\n\t<td class=\"column-1\">9578170<\/td><td class=\"column-2\">2NH014<\/td><td class=\"column-3\">Cotovelo Molinete<\/td><td class=\"column-4\">9578170<\/td><td class=\"column-5\">1<\/td><td class=\"column-6\"><\/td>\n<\/tr>\n<tr class=\"row-14\">\n\t<td class=\"column-1\">335136<\/td><td class=\"column-2\">2NH015<\/td><td class=\"column-3\">Anilha Sistema Hidr\u00e1ulico 8mm<\/td><td class=\"column-4\">335136<\/td><td class=\"column-5\">1<\/td><td class=\"column-6\"><img loading=\"lazy\" decoding=\"async\" src=\"http:\/\/precimaq.com.br\/wp-content\/uploads\/2020\/04\/Anilha-300x225.png\" alt=\"\" width=\"50\" height=\"40\" class=\"alignnone size-medium wp-image-740\" \/><\/td>\n<\/tr>\n<tr class=\"row-15\">\n\t<td class=\"column-1\">9576720<\/td><td class=\"column-2\">2NH016<\/td><td class=\"column-3\">Conex\u00e3o Pneum\u00e1tica<\/td><td class=\"column-4\">9576720<\/td><td class=\"column-5\">1<\/td><td class=\"column-6\"><img loading=\"lazy\" decoding=\"async\" src=\"http:\/\/precimaq.com.br\/wp-content\/uploads\/2020\/04\/tee.jpg\" alt=\"\" width=\"50\" height=\"40\" class=\"alignnone size-full wp-image-755\" \/><\/td>\n<\/tr>\n<tr class=\"row-16\">\n\t<td class=\"column-1\">9576743<\/td><td class=\"column-2\">2NH017<\/td><td class=\"column-3\">Conex\u00e3o Pneum\u00e1tica<\/td><td class=\"column-4\">9576743<\/td><td class=\"column-5\">1<\/td><td class=\"column-6\"><img loading=\"lazy\" decoding=\"async\" src=\"http:\/\/precimaq.com.br\/wp-content\/uploads\/2020\/04\/uniao.jpg\" alt=\"\" width=\"40\" height=\"30\" class=\"alignnone size-full wp-image-756\" \/><\/td>\n<\/tr>\n<tr class=\"row-17\">\n\t<td class=\"column-1\">825500<\/td><td class=\"column-2\">2NH018<\/td><td class=\"column-3\">Conex\u00e3o Pneum\u00e1tica  do Reversor<\/td><td class=\"column-4\">825500<\/td><td class=\"column-5\">1<\/td><td class=\"column-6\"><img loading=\"lazy\" decoding=\"async\" src=\"http:\/\/precimaq.com.br\/wp-content\/uploads\/2020\/04\/cotovelo.jpg\" alt=\"\" width=\"50\" height=\"40\" class=\"alignnone size-full wp-image-750\" \/><\/td>\n<\/tr>\n<tr class=\"row-18\">\n\t<td class=\"column-1\">759652<\/td><td class=\"column-2\">2NH019<\/td><td class=\"column-3\">Tubo Plataforma Preto 10 mt<\/td><td class=\"column-4\">759652<\/td><td class=\"column-5\">10000<\/td><td class=\"column-6\"><img loading=\"lazy\" decoding=\"async\" src=\"http:\/\/precimaq.com.br\/wp-content\/uploads\/2020\/04\/PRETO.jpg\" alt=\"\" width=\"50\" height=\"20\" class=\"alignnone size-full wp-image-768\" \/><\/td>\n<\/tr>\n<tr class=\"row-19\">\n\t<td class=\"column-1\">759655<\/td><td class=\"column-2\">2NH020<\/td><td class=\"column-3\">Tubo Plataforma Verde 10 mt<\/td><td class=\"column-4\">759655<\/td><td class=\"column-5\">10000<\/td><td class=\"column-6\"><img loading=\"lazy\" decoding=\"async\" src=\"http:\/\/precimaq.com.br\/wp-content\/uploads\/2020\/04\/VERDE.jpg\" alt=\"\" width=\"50\" height=\"20\" class=\"alignnone size-full wp-image-765\" \/><\/td>\n<\/tr>\n<tr class=\"row-20\">\n\t<td class=\"column-1\">759654<\/td><td class=\"column-2\">2NH021<\/td><td class=\"column-3\">Tubo Plataforma Vermelho 10 mt<\/td><td class=\"column-4\">759654<\/td><td class=\"column-5\">10000<\/td><td class=\"column-6\"><img loading=\"lazy\" decoding=\"async\" src=\"http:\/\/precimaq.com.br\/wp-content\/uploads\/2020\/04\/VERMELHO.jpg\" alt=\"\" width=\"50\" height=\"20\" class=\"alignnone size-full wp-image-767\" \/><\/td>\n<\/tr>\n<tr class=\"row-21\">\n\t<td class=\"column-1\">150014<\/td><td class=\"column-2\">2NH022<\/td><td class=\"column-3\">Anilha Sistema Hidr\u00e1ulico 10mm<\/td><td class=\"column-4\">150014<\/td><td class=\"column-5\">1<\/td><td class=\"column-6\"><img loading=\"lazy\" decoding=\"async\" src=\"http:\/\/precimaq.com.br\/wp-content\/uploads\/2020\/04\/Anilha-300x225.png\" alt=\"\" width=\"50\" height=\"40\" class=\"alignnone size-medium wp-image-740\" \/><\/td>\n<\/tr>\n<tr class=\"row-22\">\n\t<td class=\"column-1\">150015<\/td><td class=\"column-2\">2NH023<\/td><td class=\"column-3\">Anilha Sistema Hidr\u00e1ulico 12mm<\/td><td class=\"column-4\">150015<\/td><td class=\"column-5\">1<\/td><td class=\"column-6\"><img loading=\"lazy\" decoding=\"async\" src=\"http:\/\/precimaq.com.br\/wp-content\/uploads\/2020\/04\/Anilha-300x225.png\" alt=\"\" width=\"50\" height=\"40\" class=\"alignnone size-medium wp-image-740\" \/><\/td>\n<\/tr>\n<tr class=\"row-23\">\n\t<td class=\"column-1\">759651<\/td><td class=\"column-2\">2NH024<\/td><td class=\"column-3\">Tubo Plataforma Natural 10 mt<\/td><td class=\"column-4\">759651<\/td><td class=\"column-5\">10000<\/td><td class=\"column-6\"><img loading=\"lazy\" decoding=\"async\" src=\"http:\/\/precimaq.com.br\/wp-content\/uploads\/2020\/04\/NATURAL.jpg\" alt=\"\" width=\"50\" height=\"20\" class=\"alignnone size-full wp-image-771\" \/><\/td>\n<\/tr>\n<tr class=\"row-24\">\n\t<td class=\"column-1\">335169<br \/>\n<\/td><td class=\"column-2\">2NH025<\/td><td class=\"column-3\">Anilha Sistema Hidr\u00e1ulico 16mm<\/td><td class=\"column-4\">335169<\/td><td class=\"column-5\">1<\/td><td class=\"column-6\"><img loading=\"lazy\" decoding=\"async\" src=\"http:\/\/precimaq.com.br\/wp-content\/uploads\/2020\/04\/Anilha-300x225.png\" alt=\"\" width=\"50\" height=\"40\" class=\"alignnone size-medium wp-image-740\" \/><\/td>\n<\/tr>\n<tr class=\"row-25\">\n\t<td class=\"column-1\">335168<\/td><td class=\"column-2\">2NH026<\/td><td class=\"column-3\">Anilha Sistema Hidr\u00e1ulico 18mm<\/td><td class=\"column-4\">335168<\/td><td class=\"column-5\">1<\/td><td class=\"column-6\"><img loading=\"lazy\" decoding=\"async\" src=\"http:\/\/precimaq.com.br\/wp-content\/uploads\/2020\/04\/Anilha-300x225.png\" alt=\"\" width=\"50\" height=\"40\" class=\"alignnone size-medium wp-image-740\" \/><\/td>\n<\/tr>\n<tr class=\"row-26\">\n\t<td class=\"column-1\">350302<\/td><td class=\"column-2\">350302<\/td><td class=\"column-3\">Flex\u00edvel Trator<\/td><td class=\"column-4\">305302<\/td><td class=\"column-5\">340<\/td><td class=\"column-6\"><img loading=\"lazy\" decoding=\"async\" src=\"http:\/\/precimaq.com.br\/wp-content\/uploads\/2020\/07\/tipo-AA-300x74.jpg\" alt=\"\" width=\"150\" height=\"36\" class=\"alignnone size-medium wp-image-2944\" srcset=\"http:\/\/tecalon.com.br\/wp-content\/uploads\/2020\/07\/tipo-AA-300x74.jpg 300w, http:\/\/tecalon.com.br\/wp-content\/uploads\/2020\/07\/tipo-AA.jpg 662w\" sizes=\"auto, (max-width: 150px) 100vw, 150px\" \/><\/td>\n<\/tr>\n<tr class=\"row-27\">\n\t<td class=\"column-1\">758725<\/td><td class=\"column-2\">758725<\/td><td class=\"column-3\">Flex\u00edvel Trator<\/td><td class=\"column-4\">758725<\/td><td class=\"column-5\">1400<\/td><td class=\"column-6\"><img loading=\"lazy\" decoding=\"async\" src=\"http:\/\/precimaq.com.br\/wp-content\/uploads\/2020\/07\/tipo-AA-300x74.jpg\" alt=\"\" width=\"150\" height=\"36\" class=\"alignnone size-medium wp-image-2944\" srcset=\"http:\/\/tecalon.com.br\/wp-content\/uploads\/2020\/07\/tipo-AA-300x74.jpg 300w, http:\/\/tecalon.com.br\/wp-content\/uploads\/2020\/07\/tipo-AA.jpg 662w\" sizes=\"auto, (max-width: 150px) 100vw, 150px\" \/><\/td>\n<\/tr>\n<tr class=\"row-28\">\n\t<td class=\"column-1\">1601611<\/td><td class=\"column-2\">1601611<\/td><td class=\"column-3\">Flex\u00edvel Trator<\/td><td class=\"column-4\">1601611<\/td><td class=\"column-5\">570<\/td><td class=\"column-6\"><img loading=\"lazy\" decoding=\"async\" src=\"http:\/\/precimaq.com.br\/wp-content\/uploads\/2020\/07\/tipo-EE-1-300x73.jpg\" alt=\"\" width=\"150\" height=\"36\" class=\"alignnone size-medium wp-image-2949\" srcset=\"http:\/\/tecalon.com.br\/wp-content\/uploads\/2020\/07\/tipo-EE-1-300x73.jpg 300w, http:\/\/tecalon.com.br\/wp-content\/uploads\/2020\/07\/tipo-EE-1.jpg 695w\" sizes=\"auto, (max-width: 150px) 100vw, 150px\" \/><\/td>\n<\/tr>\n<tr class=\"row-29\">\n\t<td class=\"column-1\">E6NN3R553A<br \/>\n<\/td><td class=\"column-2\">E6NN3R553AA<\/td><td class=\"column-3\">Flex\u00edvel Trator<\/td><td class=\"column-4\">E6NN3R553AA<\/td><td class=\"column-5\">450<\/td><td class=\"column-6\"><img loading=\"lazy\" decoding=\"async\" src=\"http:\/\/precimaq.com.br\/wp-content\/uploads\/2020\/07\/tipo-I-300x73.jpg\" alt=\"\" width=\"150\" height=\"36\" class=\"alignnone size-medium wp-image-2953\" srcset=\"http:\/\/tecalon.com.br\/wp-content\/uploads\/2020\/07\/tipo-I-300x73.jpg 300w, http:\/\/tecalon.com.br\/wp-content\/uploads\/2020\/07\/tipo-I.jpg 695w\" sizes=\"auto, (max-width: 150px) 100vw, 150px\" \/><\/td>\n<\/tr>\n<tr class=\"row-30\">\n\t<td class=\"column-1\">E6NN3R55BA<\/td><td class=\"column-2\">E6NN3R553BA<\/td><td class=\"column-3\">Flex\u00edvel Trator<\/td><td class=\"column-4\">E6NN3R553BA<\/td><td class=\"column-5\">500<\/td><td class=\"column-6\"><img loading=\"lazy\" decoding=\"async\" src=\"http:\/\/precimaq.com.br\/wp-content\/uploads\/2020\/07\/tipo-I-300x73.jpg\" alt=\"\" width=\"150\" height=\"36\" class=\"alignnone size-medium wp-image-2953\" srcset=\"http:\/\/tecalon.com.br\/wp-content\/uploads\/2020\/07\/tipo-I-300x73.jpg 300w, http:\/\/tecalon.com.br\/wp-content\/uploads\/2020\/07\/tipo-I.jpg 695w\" sizes=\"auto, (max-width: 150px) 100vw, 150px\" \/><\/td>\n<\/tr>\n<tr class=\"row-31\">\n\t<td class=\"column-1\">E4NN3R553AB<\/td><td class=\"column-2\">E4NN3R553AB<\/td><td class=\"column-3\">Flex\u00edvel Trator<\/td><td class=\"column-4\">E4NN3R553AB<\/td><td class=\"column-5\">493<\/td><td class=\"column-6\"><img loading=\"lazy\" decoding=\"async\" src=\"http:\/\/precimaq.com.br\/wp-content\/uploads\/2020\/07\/tipo-DD-300x64.jpg\" alt=\"\" width=\"150\" height=\"36\" class=\"alignnone size-medium wp-image-2947\" \/><\/td>\n<\/tr>\n<tr class=\"row-32\">\n\t<td class=\"column-1\">E4NN3R553BB<\/td><td class=\"column-2\">E4NN3R553BB<\/td><td class=\"column-3\">Flex\u00edvel Trator<\/td><td class=\"column-4\">E4NN3R553BB<\/td><td class=\"column-5\">270<\/td><td class=\"column-6\"><img loading=\"lazy\" decoding=\"async\" src=\"http:\/\/precimaq.com.br\/wp-content\/uploads\/2020\/07\/tipo-DD-300x64.jpg\" alt=\"\" width=\"150\" height=\"36\" class=\"alignnone size-medium wp-image-2947\" \/><\/td>\n<\/tr>\n<tr class=\"row-33\">\n\t<td class=\"column-1\">335135<\/td><td class=\"column-2\">335135<\/td><td class=\"column-3\">Porca em A\u00e7o p\/ Tubo 8mm<\/td><td class=\"column-4\">335135<\/td><td class=\"column-5\">1<\/td><td class=\"column-6\"><img loading=\"lazy\" decoding=\"async\" src=\"http:\/\/precimaq.com.br\/wp-content\/uploads\/2020\/04\/PORCA-300x225.png\" alt=\"\" width=\"50\" height=\"40\" class=\"alignnone size-medium wp-image-909\" \/><\/td>\n<\/tr>\n<tr class=\"row-34\">\n\t<td class=\"column-1\">100042<\/td><td class=\"column-2\">100042<\/td><td class=\"column-3\">Porca em A\u00e7o p\/ Tubo 10mm<\/td><td class=\"column-4\">100042<\/td><td class=\"column-5\">1<\/td><td class=\"column-6\"><img loading=\"lazy\" decoding=\"async\" src=\"http:\/\/precimaq.com.br\/wp-content\/uploads\/2020\/04\/PORCA-300x225.png\" alt=\"\" width=\"50\" height=\"40\" class=\"alignnone size-medium wp-image-909\" \/><\/td>\n<\/tr>\n<tr class=\"row-35\">\n\t<td class=\"column-1\">100043<\/td><td class=\"column-2\">100043<\/td><td class=\"column-3\">Porca em A\u00e7o p\/ Tubo 12mm<\/td><td class=\"column-4\">100043<\/td><td class=\"column-5\">1<\/td><td class=\"column-6\"><img loading=\"lazy\" decoding=\"async\" src=\"http:\/\/precimaq.com.br\/wp-content\/uploads\/2020\/04\/PORCA-300x225.png\" alt=\"\" width=\"50\" height=\"40\" class=\"alignnone size-medium wp-image-909\" \/><\/td>\n<\/tr>\n<tr class=\"row-36\">\n\t<td class=\"column-1\">335170<\/td><td class=\"column-2\">335170<\/td><td class=\"column-3\">Porca em A\u00e7o p\/ Tubo 18mm<\/td><td class=\"column-4\">335170<\/td><td class=\"column-5\">1<\/td><td class=\"column-6\"><img loading=\"lazy\" decoding=\"async\" src=\"http:\/\/precimaq.com.br\/wp-content\/uploads\/2020\/04\/PORCA-300x225.png\" alt=\"\" width=\"50\" height=\"40\" class=\"alignnone size-medium wp-image-909\" \/><\/td>\n<\/tr>\n<tr class=\"row-37\">\n\t<td class=\"column-1\">84991736<\/td><td class=\"column-2\">6NH001<\/td><td class=\"column-3\">Cilindro Pneum\u00e1tico Esticador da Correia<\/td><td class=\"column-4\">84991736<\/td><td class=\"column-5\">1<\/td><td class=\"column-6\"><\/td>\n<\/tr>\n<tr class=\"row-38\">\n\t<td class=\"column-1\">9577827<\/td><td class=\"column-2\">9577827<\/td><td class=\"column-3\">V\u00e1lvula de Reten\u00e7\u00e3o<\/td><td class=\"column-4\">9577827<\/td><td class=\"column-5\">1<\/td><td class=\"column-6\"><img loading=\"lazy\" decoding=\"async\" src=\"http:\/\/precimaq.com.br\/wp-content\/uploads\/2020\/04\/2JD000.jpg\" alt=\"\" width=\"50\" height=\"40\" class=\"alignnone size-full wp-image-938\" \/><\/td>\n<\/tr>\n<tr class=\"row-39\">\n\t<td class=\"column-1\">9577830<\/td><td class=\"column-2\">9577830<\/td><td class=\"column-3\">V\u00e1lvula do Acionamento Pneum\u00e1tico<\/td><td class=\"column-4\">9577830<\/td><td class=\"column-5\">1<\/td><td class=\"column-6\"><img loading=\"lazy\" decoding=\"async\" src=\"http:\/\/precimaq.com.br\/wp-content\/uploads\/2020\/04\/2NH-ALGUMA-COISA-e1587492534399-300x225.jpg\" alt=\"\" width=\"50\" height=\"40\" class=\"alignnone size-medium wp-image-762\" \/><\/td>\n<\/tr>\n<tr class=\"row-40\">\n\t<td class=\"column-1\">9577831<\/td><td class=\"column-2\">9577831<\/td><td class=\"column-3\">V\u00e1lvula do Acionamento Pneum\u00e1tico<\/td><td class=\"column-4\">9577831<\/td><td class=\"column-5\">1<\/td><td class=\"column-6\"><img loading=\"lazy\" decoding=\"async\" src=\"http:\/\/precimaq.com.br\/wp-content\/uploads\/2020\/04\/2NH-ALGUMA-COISA-e1587492534399-300x225.jpg\" alt=\"\" width=\"50\" height=\"40\" class=\"alignnone size-medium wp-image-762\" \/><\/td>\n<\/tr>\n<tr class=\"row-41\">\n\t<td class=\"column-1\">47396866<\/td><td class=\"column-2\">47396866<\/td><td class=\"column-3\">Mangueira Inferior Radiador<\/td><td class=\"column-4\">47396866<\/td><td class=\"column-5\">215<\/td><td class=\"column-6\"><\/td>\n<\/tr>\n<tr class=\"row-42\">\n\t<td class=\"column-1\">84998251<\/td><td class=\"column-2\">84998251<\/td><td class=\"column-3\">Mangueira Purificador de Ar<\/td><td class=\"column-4\">84998251<\/td><td class=\"column-5\">130<\/td><td class=\"column-6\"><\/td>\n<\/tr>\n<\/tbody>\n<\/table>\n<!-- #tablepress-34 from cache -->\n","protected":false},"excerpt":{"rendered":"","protected":false},"author":1,"featured_media":0,"parent":58,"menu_order":0,"comment_status":"closed","ping_status":"closed","template":"","meta":{"footnotes":""},"class_list":["post-681","page","type-page","status-publish","hentry"],"_links":{"self":[{"href":"http:\/\/tecalon.com.br\/index.php?rest_route=\/wp\/v2\/pages\/681","targetHints":{"allow":["GET"]}}],"collection":[{"href":"http:\/\/tecalon.com.br\/index.php?rest_route=\/wp\/v2\/pages"}],"about":[{"href":"http:\/\/tecalon.com.br\/index.php?rest_route=\/wp\/v2\/types\/page"}],"author":[{"embeddable":true,"href":"http:\/\/tecalon.com.br\/index.php?rest_route=\/wp\/v2\/users\/1"}],"replies":[{"embeddable":true,"href":"http:\/\/tecalon.com.br\/index.php?rest_route=%2Fwp%2Fv2%2Fcomments&post=681"}],"version-history":[{"count":6,"href":"http:\/\/tecalon.com.br\/index.php?rest_route=\/wp\/v2\/pages\/681\/revisions"}],"predecessor-version":[{"id":1727,"href":"http:\/\/tecalon.com.br\/index.php?rest_route=\/wp\/v2\/pages\/681\/revisions\/1727"}],"up":[{"embeddable":true,"href":"http:\/\/tecalon.com.br\/index.php?rest_route=\/wp\/v2\/pages\/58"}],"wp:attachment":[{"href":"http:\/\/tecalon.com.br\/index.php?rest_route=%2Fwp%2Fv2%2Fmedia&parent=681"}],"curies":[{"name":"wp","href":"https:\/\/api.w.org\/{rel}","templated":true}]}}