{"id":2843,"date":"2020-06-24T15:34:33","date_gmt":"2020-06-24T15:34:33","guid":{"rendered":"http:\/\/precimaq.com.br\/?page_id=2843"},"modified":"2020-06-24T18:01:25","modified_gmt":"2020-06-24T18:01:25","slug":"abracadeiras-em-nylon","status":"publish","type":"page","link":"http:\/\/tecalon.com.br\/?page_id=2843","title":{"rendered":"Abra\u00e7adeiras de Nylon"},"content":{"rendered":"\n<h2 class=\"has-text-align-center wp-block-heading\"><strong><span class=\"has-inline-color has-very-light-gray-color\">Abra\u00e7adeiras em Nylon ( Enforca Gato )<\/span><\/strong><\/h2>\n\n\n\n<div class=\"wp-block-image is-style-default\"><figure class=\"aligncenter size-full\"><img loading=\"lazy\" decoding=\"async\" width=\"658\" height=\"314\" src=\"http:\/\/precimaq.com.br\/wp-content\/uploads\/2020\/06\/Enforca-Gato.jpg\" alt=\"\" class=\"wp-image-2873\" srcset=\"http:\/\/tecalon.com.br\/wp-content\/uploads\/2020\/06\/Enforca-Gato.jpg 658w, http:\/\/tecalon.com.br\/wp-content\/uploads\/2020\/06\/Enforca-Gato-300x143.jpg 300w\" sizes=\"auto, (max-width: 658px) 100vw, 658px\" \/><\/figure><\/div>\n\n\n\n<figure class=\"wp-block-table is-style-stripes\"><table class=\"has-subtle-pale-blue-background-color has-background\"><thead><tr><th class=\"has-text-align-center\" data-align=\"center\">N\/Numero<\/th><th class=\"has-text-align-center\" data-align=\"center\">Descri\u00e7\u00e3o<\/th><th class=\"has-text-align-center\" data-align=\"center\">Comprimento<br>mm<\/th><th class=\"has-text-align-center\" data-align=\"center\">Largura<br>mm<\/th><th class=\"has-text-align-center\" data-align=\"center\">Cor<\/th><\/tr><\/thead><tbody><tr><td class=\"has-text-align-center\" data-align=\"center\"><strong>A661027<\/strong><\/td><td class=\"has-text-align-center\" data-align=\"center\"><strong>Abra\u00e7adeira de Nylon<\/strong><\/td><td class=\"has-text-align-center\" data-align=\"center\"><strong>100<\/strong><\/td><td class=\"has-text-align-center\" data-align=\"center\"><strong>2,70<\/strong><\/td><td class=\"has-text-align-center\" data-align=\"center\"><strong>Diversas<\/strong><\/td><\/tr><tr><td class=\"has-text-align-center\" data-align=\"center\"><strong>A661437<\/strong><\/td><td class=\"has-text-align-center\" data-align=\"center\"><strong>Abra\u00e7adeira de Nylon<\/strong><\/td><td class=\"has-text-align-center\" data-align=\"center\"><strong>140<\/strong><\/td><td class=\"has-text-align-center\" data-align=\"center\"><strong>3,70<\/strong><\/td><td class=\"has-text-align-center\" data-align=\"center\"><strong>Diversas<\/strong><\/td><\/tr><tr><td class=\"has-text-align-center\" data-align=\"center\"><strong>A662038<\/strong><\/td><td class=\"has-text-align-center\" data-align=\"center\"><strong>Abra\u00e7adeira de Nylon<\/strong><\/td><td class=\"has-text-align-center\" data-align=\"center\"><strong>200<\/strong><\/td><td class=\"has-text-align-center\" data-align=\"center\"><strong>3,80<\/strong><\/td><td class=\"has-text-align-center\" data-align=\"center\"><strong>Diversas<\/strong><\/td><\/tr><tr><td class=\"has-text-align-center\" data-align=\"center\"><\/td><td class=\"has-text-align-center\" data-align=\"center\"><\/td><td class=\"has-text-align-center\" data-align=\"center\"><\/td><td class=\"has-text-align-center\" data-align=\"center\"><\/td><td class=\"has-text-align-center\" data-align=\"center\"><\/td><\/tr><\/tbody><\/table><\/figure>\n","protected":false},"excerpt":{"rendered":"<p>Abra\u00e7adeiras em Nylon ( Enforca Gato ) N\/Numero Descri\u00e7\u00e3o Comprimentomm Larguramm Cor A661027 Abra\u00e7adeira de Nylon 100 2,70 Diversas A661437 Abra\u00e7adeira de Nylon 140 3,70 Diversas A662038 Abra\u00e7adeira de Nylon 200 3,80 Diversas<\/p>\n","protected":false},"author":1,"featured_media":0,"parent":524,"menu_order":0,"comment_status":"closed","ping_status":"closed","template":"","meta":{"footnotes":""},"class_list":["post-2843","page","type-page","status-publish","hentry"],"_links":{"self":[{"href":"http:\/\/tecalon.com.br\/index.php?rest_route=\/wp\/v2\/pages\/2843","targetHints":{"allow":["GET"]}}],"collection":[{"href":"http:\/\/tecalon.com.br\/index.php?rest_route=\/wp\/v2\/pages"}],"about":[{"href":"http:\/\/tecalon.com.br\/index.php?rest_route=\/wp\/v2\/types\/page"}],"author":[{"embeddable":true,"href":"http:\/\/tecalon.com.br\/index.php?rest_route=\/wp\/v2\/users\/1"}],"replies":[{"embeddable":true,"href":"http:\/\/tecalon.com.br\/index.php?rest_route=%2Fwp%2Fv2%2Fcomments&post=2843"}],"version-history":[{"count":8,"href":"http:\/\/tecalon.com.br\/index.php?rest_route=\/wp\/v2\/pages\/2843\/revisions"}],"predecessor-version":[{"id":2879,"href":"http:\/\/tecalon.com.br\/index.php?rest_route=\/wp\/v2\/pages\/2843\/revisions\/2879"}],"up":[{"embeddable":true,"href":"http:\/\/tecalon.com.br\/index.php?rest_route=\/wp\/v2\/pages\/524"}],"wp:attachment":[{"href":"http:\/\/tecalon.com.br\/index.php?rest_route=%2Fwp%2Fv2%2Fmedia&parent=2843"}],"curies":[{"name":"wp","href":"https:\/\/api.w.org\/{rel}","templated":true}]}}