{"id":2523,"date":"2020-06-01T16:54:22","date_gmt":"2020-06-01T16:54:22","guid":{"rendered":"http:\/\/precimaq.com.br\/?page_id=2523"},"modified":"2020-06-01T17:49:21","modified_gmt":"2020-06-01T17:49:21","slug":"solda","status":"publish","type":"page","link":"http:\/\/tecalon.com.br\/?page_id=2523","title":{"rendered":"Solda &#8211; Acetileno \/ Oxig\u00eanio"},"content":{"rendered":"\n<h2 class=\"has-text-align-center wp-block-heading\"><span class=\"has-inline-color has-very-light-gray-color\" style=\"\"><strong>Mangueira P<\/strong><\/span><span class=\"has-inline-color has-very-light-gray-color\"><strong>\/ Solda  Gates &#8211; 300 Psi<\/strong><\/span><\/h2>\n\n\n\n<figure class=\"wp-block-table is-style-stripes\"><table class=\"has-subtle-pale-blue-background-color has-background\"><thead><tr><th class=\"has-text-align-center\" data-align=\"center\">N\/Numero<\/th><th class=\"has-text-align-center\" data-align=\"center\">Bitola<\/th><th class=\"has-text-align-center\" data-align=\"center\">Aplica\u00e7\u00e3o<\/th><th class=\"has-text-align-center\" data-align=\"center\">Press\u00e3o<br>Trabalho<\/th><th>Press\u00e3o<br>Ruptura<\/th><th class=\"has-text-align-center\" data-align=\"center\">Cor<\/th><th class=\"has-text-align-center\" data-align=\"center\">Marca<\/th><th class=\"has-text-align-center\" data-align=\"center\">Rolo<br>Mt<\/th><\/tr><\/thead><tbody><tr><td class=\"has-text-align-center\" data-align=\"center\"><strong>MBS030-05VD<\/strong><\/td><td class=\"has-text-align-center\" data-align=\"center\"><strong>7,90<\/strong><\/td><td class=\"has-text-align-center\" data-align=\"center\"><strong>Mangueira P\/Solda Acetileno <\/strong><\/td><td class=\"has-text-align-center\" data-align=\"center\"><strong>300 PSI<\/strong><\/td><td><strong>900 PSI<\/strong><\/td><td class=\"has-text-align-center\" data-align=\"center\"><strong>Verde<\/strong><\/td><td class=\"has-text-align-center\" data-align=\"center\"><strong>Gates<\/strong><\/td><td class=\"has-text-align-center\" data-align=\"center\"><strong>50<\/strong><br><\/td><\/tr><tr><td class=\"has-text-align-center\" data-align=\"center\"><strong>MBS030-05VM<\/strong><\/td><td class=\"has-text-align-center\" data-align=\"center\"><strong><strong>7,90<\/strong><\/strong><\/td><td class=\"has-text-align-center\" data-align=\"center\"><strong>Mangueira P\/Solda Oxig\u00eanio<\/strong><\/td><td class=\"has-text-align-center\" data-align=\"center\"><strong>300 PSI<\/strong><\/td><td><strong>900 PSI<\/strong><\/td><td class=\"has-text-align-center\" data-align=\"center\"><strong>Vermelho<\/strong><\/td><td class=\"has-text-align-center\" data-align=\"center\"><strong>Gates<\/strong><\/td><td class=\"has-text-align-center\" data-align=\"center\"><br><strong>50<\/strong><br><br><\/td><\/tr><tr><td class=\"has-text-align-center\" data-align=\"center\"><strong>MBS030-05DP<\/strong><\/td><td class=\"has-text-align-center\" data-align=\"center\"><strong><strong>7,90<\/strong><\/strong><\/td><td class=\"has-text-align-center\" data-align=\"center\"><strong>Mangueira P\/Solda Dupla<\/strong><\/td><td class=\"has-text-align-center\" data-align=\"center\"><strong>300 PSI<\/strong><\/td><td><strong>900 PSI<\/strong><\/td><td class=\"has-text-align-center\" data-align=\"center\"><strong>Verde  Vermelho<\/strong><\/td><td class=\"has-text-align-center\" data-align=\"center\"><strong>Gates<\/strong><\/td><td class=\"has-text-align-center\" data-align=\"center\"><strong>50<\/strong><br><\/td><\/tr><\/tbody><\/table><figcaption><br><\/figcaption><\/figure>\n\n\n\n<p><\/p>\n\n\n\n<h2 class=\"has-text-align-center wp-block-heading\"><span class=\"has-inline-color has-very-light-gray-color\" style=\"\"><strong>Mangueira P<\/strong><\/span><span class=\"has-inline-color has-very-light-gray-color\"><strong>\/ Solda  SWL &#8211; 300 Psi<\/strong><\/span><\/h2>\n\n\n\n<figure class=\"wp-block-table is-style-stripes\"><table class=\"has-subtle-pale-blue-background-color has-background\"><thead><tr><th class=\"has-text-align-center\" data-align=\"center\">N\/Numero<\/th><th class=\"has-text-align-center\" data-align=\"center\">Bitola<\/th><th class=\"has-text-align-center\" data-align=\"center\">Aplica\u00e7\u00e3o<\/th><th class=\"has-text-align-center\" data-align=\"center\">Press\u00e3o<br>Trabalho<\/th><th>Press\u00e3o<br>Ruptura<\/th><th class=\"has-text-align-center\" data-align=\"center\">Cor<\/th><th class=\"has-text-align-center\" data-align=\"center\">Marca<\/th><th class=\"has-text-align-center\" data-align=\"center\">Rolo<br>Mt<\/th><\/tr><\/thead><tbody><tr><td class=\"has-text-align-center\" data-align=\"center\"><strong>MPS030-05VD<\/strong><\/td><td class=\"has-text-align-center\" data-align=\"center\"><strong>7,90<\/strong><\/td><td class=\"has-text-align-center\" data-align=\"center\"><strong>Mangueira P\/Solda Acetileno <\/strong><\/td><td class=\"has-text-align-center\" data-align=\"center\"><strong>300 PSI<\/strong><\/td><td><strong>900 PSI<\/strong><\/td><td class=\"has-text-align-center\" data-align=\"center\"><strong>Verde<\/strong><\/td><td class=\"has-text-align-center\" data-align=\"center\"><strong>SWL<\/strong><\/td><td class=\"has-text-align-center\" data-align=\"center\"><strong>50<\/strong><br><\/td><\/tr><tr><td class=\"has-text-align-center\" data-align=\"center\"><strong>MPS030-05VM<\/strong><\/td><td class=\"has-text-align-center\" data-align=\"center\"><strong><strong>7,90<\/strong><\/strong><\/td><td class=\"has-text-align-center\" data-align=\"center\"><strong>Mangueira P\/Solda Oxig\u00eanio<\/strong><\/td><td class=\"has-text-align-center\" data-align=\"center\"><strong>300 PSI<\/strong><\/td><td><strong>900 PSI<\/strong><\/td><td class=\"has-text-align-center\" data-align=\"center\"><strong>Vermelho<\/strong><\/td><td class=\"has-text-align-center\" data-align=\"center\"><strong>SWL<\/strong><\/td><td class=\"has-text-align-center\" data-align=\"center\"><br><strong>50<\/strong><br><br><\/td><\/tr><tr><td class=\"has-text-align-center\" data-align=\"center\"><strong>MPS030-05DP<\/strong><\/td><td class=\"has-text-align-center\" data-align=\"center\"><strong><strong>7,90<\/strong><\/strong><\/td><td class=\"has-text-align-center\" data-align=\"center\"><strong>Mangueira P\/Solda Dupla<\/strong><\/td><td class=\"has-text-align-center\" data-align=\"center\"><strong>300 PSI<\/strong><\/td><td><strong>900 PSI<\/strong><\/td><td class=\"has-text-align-center\" data-align=\"center\"><strong>Verde  Vermelho<\/strong><\/td><td class=\"has-text-align-center\" data-align=\"center\"><strong>SWL<\/strong><\/td><td class=\"has-text-align-center\" data-align=\"center\"><strong>50<\/strong><br><\/td><\/tr><\/tbody><\/table><figcaption><br><\/figcaption><\/figure>\n","protected":false},"excerpt":{"rendered":"<p>Mangueira P\/ Solda Gates &#8211; 300 Psi N\/Numero Bitola Aplica\u00e7\u00e3o Press\u00e3oTrabalho Press\u00e3oRuptura Cor Marca RoloMt MBS030-05VD 7,90 Mangueira P\/Solda Acetileno 300 PSI 900 PSI Verde Gates 50 MBS030-05VM 7,90 Mangueira P\/Solda Oxig\u00eanio 300 PSI 900 PSI Vermelho Gates 50 MBS030-05DP 7,90 Mangueira P\/Solda Dupla 300 PSI 900 PSI Verde Vermelho Gates 50 Mangueira P\/ Solda<span class=\"read-more-faq\"><a href=\"http:\/\/tecalon.com.br\/?page_id=2523\">Read More<\/a><\/span><\/p>\n","protected":false},"author":1,"featured_media":0,"parent":291,"menu_order":0,"comment_status":"closed","ping_status":"closed","template":"","meta":{"footnotes":""},"class_list":["post-2523","page","type-page","status-publish","hentry"],"_links":{"self":[{"href":"http:\/\/tecalon.com.br\/index.php?rest_route=\/wp\/v2\/pages\/2523","targetHints":{"allow":["GET"]}}],"collection":[{"href":"http:\/\/tecalon.com.br\/index.php?rest_route=\/wp\/v2\/pages"}],"about":[{"href":"http:\/\/tecalon.com.br\/index.php?rest_route=\/wp\/v2\/types\/page"}],"author":[{"embeddable":true,"href":"http:\/\/tecalon.com.br\/index.php?rest_route=\/wp\/v2\/users\/1"}],"replies":[{"embeddable":true,"href":"http:\/\/tecalon.com.br\/index.php?rest_route=%2Fwp%2Fv2%2Fcomments&post=2523"}],"version-history":[{"count":8,"href":"http:\/\/tecalon.com.br\/index.php?rest_route=\/wp\/v2\/pages\/2523\/revisions"}],"predecessor-version":[{"id":2540,"href":"http:\/\/tecalon.com.br\/index.php?rest_route=\/wp\/v2\/pages\/2523\/revisions\/2540"}],"up":[{"embeddable":true,"href":"http:\/\/tecalon.com.br\/index.php?rest_route=\/wp\/v2\/pages\/291"}],"wp:attachment":[{"href":"http:\/\/tecalon.com.br\/index.php?rest_route=%2Fwp%2Fv2%2Fmedia&parent=2523"}],"curies":[{"name":"wp","href":"https:\/\/api.w.org\/{rel}","templated":true}]}}